{"id":10,"date":"2025-04-09T18:49:04","date_gmt":"2025-04-09T16:49:04","guid":{"rendered":"https:\/\/www.transportsvion.com\/?page_id=10"},"modified":"2025-04-10T10:13:04","modified_gmt":"2025-04-10T08:13:04","slug":"a-propos-de","status":"publish","type":"page","link":"https:\/\/www.transportsvion.com\/index.php\/a-propos-de\/","title":{"rendered":"\u00c0 propos de"},"content":{"rendered":"\n<p>Nos prestations sont les suivantes :<\/p>\n\n\n\n<ul class=\"wp-block-list\">\n<li>Transports de lots complets ou partiels (1 \u00e0 33 palettes) en France et en Europe avec des d\u00e9parts quotidiens.<\/li>\n\n\n\n<li>Transports de longueurs avec un mat\u00e9riel appropri\u00e9.<\/li>\n\n\n\n<li>Livraison en France en 24\/48 heures, en Europe en 48\/72 heures et autres services sur demande.<\/li>\n\n\n\n<li>Tarifs adapt\u00e9s et conseils pour les op\u00e9rations douani\u00e8res.<\/li>\n\n\n\n<li>Lignes de groupages France-Allemagne, France-Angleterre avec un r\u00e9seau de correspondants.<\/li>\n\n\n\n<li>Possibilit\u00e9s de stockage dans nos locaux pour r\u00e9pondre aux besoins imm\u00e9diats.<\/li>\n<\/ul>\n\n\n\n<p>Nous assurons le ramassage, la mise \u00e0 quai et le chargement suivant chaque destination. Nous disposons \u00e9galement d&#8217;un porteur \u00e9quip\u00e9 d&#8217;un hayon pour la redistribution.<\/p>\n\n\n\n<p class=\"has-medium-font-size\">Nous sommes en capacit\u00e9 de r\u00e9pondre \u00e0 vos demandes sur les 4 types suivants :<\/p>\n\n\n\n<ul class=\"wp-block-list\">\n<li class=\"has-medium-font-size\">Tautliners<\/li>\n<\/ul>\n\n\n\n<p>Un poids lourds de type &#8220;tautliner&#8221; est un v\u00e9hicule qui dispose d&#8217;une b\u00e2che amovible, adapt\u00e9e au transport routier de marchandises. Ce type de v\u00e9hicule les op\u00e9rations de maintenance mais encore les mat\u00e9riaux l\u00e9gers, le d\u00e9chargement des marchandises plus rapides, la modulation des b\u00e2ches et la possibilit\u00e9 de sangler toutes les marchandises pr\u00e9sentes dans le tautliner.<\/p>\n\n\n\n<ul class=\"wp-block-list\">\n<li class=\"has-medium-font-size\">Bennes C\u00e9r\u00e9ali\u00e8res<\/li>\n<\/ul>\n\n\n\n<p>Pour le transport de contenu de nature agricole comme les r\u00e9coltes, la nourriture animale, les mati\u00e8res premi\u00e8res, engrais etc, vous pouvez nous contacter. Nous disposons des 3 types de bennes c\u00e9r\u00e9ali\u00e8res, soit \u00e0 Trappes, \u00e0 Echelles ou Basculantes.<\/p>\n\n\n\n<ul class=\"wp-block-list\">\n<li class=\"has-medium-font-size\">Citernes<\/li>\n<\/ul>\n\n\n\n<p>Nous disposons d&#8217;un parc important de citernes industrielles. Nous mettons tout en \u0153uvre pour r\u00e9pondre favorablement \u00e0 vos demandes et vous offrir des prestations adapt\u00e9es \u00e0 vos besoins. Nous disposons des 4 types de citernes, soit Pulv\u00e9rulentes, Liquides, Hydorcarbures et Chimiques.<\/p>\n\n\n\n<ul class=\"wp-block-list\">\n<li class=\"has-medium-font-size\">Locations de v\u00e9hicules<\/li>\n<\/ul>\n\n\n\n<p>Nous pouvons louer certains v\u00e9hicules, notamment avec la solution du hayon, pour vos demandes de transports, type d\u00e9m\u00e9nagement.<\/p>\n","protected":false},"excerpt":{"rendered":"<p>Nos prestations sont les suivantes : Nous assurons le ramassage, la mise \u00e0 quai et le chargement suivant chaque destination. Nous disposons \u00e9galement d&#8217;un porteur \u00e9quip\u00e9 d&#8217;un hayon pour la redistribution. Nous sommes en capacit\u00e9 de r\u00e9pondre \u00e0 vos demandes sur les 4 types suivants : Un poids lourds de type &#8220;tautliner&#8221; est un v\u00e9hicule &hellip; <\/p>\n<p class=\"link-more\"><a href=\"https:\/\/www.transportsvion.com\/index.php\/a-propos-de\/\" class=\"more-link\">Continue reading<span class=\"screen-reader-text\"> &#8220;\u00c0 propos de&#8221;<\/span><\/a><\/p>\n","protected":false},"author":1,"featured_media":0,"parent":0,"menu_order":0,"comment_status":"closed","ping_status":"closed","template":"","meta":{"footnotes":""},"class_list":["post-10","page","type-page","status-publish","hentry"],"_links":{"self":[{"href":"https:\/\/www.transportsvion.com\/index.php\/wp-json\/wp\/v2\/pages\/10","targetHints":{"allow":["GET"]}}],"collection":[{"href":"https:\/\/www.transportsvion.com\/index.php\/wp-json\/wp\/v2\/pages"}],"about":[{"href":"https:\/\/www.transportsvion.com\/index.php\/wp-json\/wp\/v2\/types\/page"}],"author":[{"embeddable":true,"href":"https:\/\/www.transportsvion.com\/index.php\/wp-json\/wp\/v2\/users\/1"}],"replies":[{"embeddable":true,"href":"https:\/\/www.transportsvion.com\/index.php\/wp-json\/wp\/v2\/comments?post=10"}],"version-history":[{"count":11,"href":"https:\/\/www.transportsvion.com\/index.php\/wp-json\/wp\/v2\/pages\/10\/revisions"}],"predecessor-version":[{"id":108,"href":"https:\/\/www.transportsvion.com\/index.php\/wp-json\/wp\/v2\/pages\/10\/revisions\/108"}],"wp:attachment":[{"href":"https:\/\/www.transportsvion.com\/index.php\/wp-json\/wp\/v2\/media?parent=10"}],"curies":[{"name":"wp","href":"https:\/\/api.w.org\/{rel}","templated":true}]}}