{"id":2,"date":"2025-04-09T11:07:20","date_gmt":"2025-04-09T09:07:20","guid":{"rendered":"http:\/\/www.transportsvion.com\/?page_id=2"},"modified":"2025-04-09T17:49:37","modified_gmt":"2025-04-09T15:49:37","slug":"page-d-exemple","status":"publish","type":"page","link":"https:\/\/www.transportsvion.com\/index.php\/page-d-exemple\/","title":{"rendered":"Stockage, vous avez dit &#8220;stockage&#8221; ?"},"content":{"rendered":"\n<p>Pour r\u00e9pondre au mieux \u00e0 vos exigences, nous disposons de surfaces de stockage en temp\u00e9ratures ambiantes ou climatis\u00e9s. Nos locaux sont modulables pour vos palettes ou grandes longueurs et s&#8217;adaptent \u00e0 tous types de sp\u00e9cifit\u00e9s de stockage.<\/p>\n\n\n\n<p>Nous stockons vos colis et g\u00e9rons votre logistique. Nous nous chargeons \u00e9galement du ramassage, mise \u00e0 quai et chargement suivant chaque destination. Pour toute question ou demande de renseignement, n&#8217;h\u00e9sitez pas \u00e0 nous contacter ! <\/p>\n\n\n\n<figure class=\"wp-block-image size-large\"><img loading=\"lazy\" decoding=\"async\" width=\"1024\" height=\"682\" src=\"https:\/\/www.transportsvion.com\/wp-content\/uploads\/2025\/04\/Design-sans-titre-9-1-1024x682.png\" alt=\"\" class=\"wp-image-48\" srcset=\"https:\/\/www.transportsvion.com\/wp-content\/uploads\/2025\/04\/Design-sans-titre-9-1-1024x682.png 1024w, https:\/\/www.transportsvion.com\/wp-content\/uploads\/2025\/04\/Design-sans-titre-9-1-300x200.png 300w, https:\/\/www.transportsvion.com\/wp-content\/uploads\/2025\/04\/Design-sans-titre-9-1-768x512.png 768w, https:\/\/www.transportsvion.com\/wp-content\/uploads\/2025\/04\/Design-sans-titre-9-1-1536x1024.png 1536w, https:\/\/www.transportsvion.com\/wp-content\/uploads\/2025\/04\/Design-sans-titre-9-1.png 2000w\" sizes=\"auto, (max-width: 706px) 89vw, (max-width: 767px) 82vw, 740px\" \/><\/figure>\n","protected":false},"excerpt":{"rendered":"<p>Pour r\u00e9pondre au mieux \u00e0 vos exigences, nous disposons de surfaces de stockage en temp\u00e9ratures ambiantes ou climatis\u00e9s. Nos locaux sont modulables pour vos palettes ou grandes longueurs et s&#8217;adaptent \u00e0 tous types de sp\u00e9cifit\u00e9s de stockage. Nous stockons vos colis et g\u00e9rons votre logistique. Nous nous chargeons \u00e9galement du ramassage, mise \u00e0 quai et &hellip; <\/p>\n<p class=\"link-more\"><a href=\"https:\/\/www.transportsvion.com\/index.php\/page-d-exemple\/\" class=\"more-link\">Continue reading<span class=\"screen-reader-text\"> &#8220;Stockage, vous avez dit &#8220;stockage&#8221; ?&#8221;<\/span><\/a><\/p>\n","protected":false},"author":1,"featured_media":0,"parent":0,"menu_order":0,"comment_status":"closed","ping_status":"open","template":"","meta":{"footnotes":""},"class_list":["post-2","page","type-page","status-publish","hentry"],"_links":{"self":[{"href":"https:\/\/www.transportsvion.com\/index.php\/wp-json\/wp\/v2\/pages\/2","targetHints":{"allow":["GET"]}}],"collection":[{"href":"https:\/\/www.transportsvion.com\/index.php\/wp-json\/wp\/v2\/pages"}],"about":[{"href":"https:\/\/www.transportsvion.com\/index.php\/wp-json\/wp\/v2\/types\/page"}],"author":[{"embeddable":true,"href":"https:\/\/www.transportsvion.com\/index.php\/wp-json\/wp\/v2\/users\/1"}],"replies":[{"embeddable":true,"href":"https:\/\/www.transportsvion.com\/index.php\/wp-json\/wp\/v2\/comments?post=2"}],"version-history":[{"count":3,"href":"https:\/\/www.transportsvion.com\/index.php\/wp-json\/wp\/v2\/pages\/2\/revisions"}],"predecessor-version":[{"id":50,"href":"https:\/\/www.transportsvion.com\/index.php\/wp-json\/wp\/v2\/pages\/2\/revisions\/50"}],"wp:attachment":[{"href":"https:\/\/www.transportsvion.com\/index.php\/wp-json\/wp\/v2\/media?parent=2"}],"curies":[{"name":"wp","href":"https:\/\/api.w.org\/{rel}","templated":true}]}}